{"id":52,"date":"2025-08-17T15:52:39","date_gmt":"2025-08-17T15:52:39","guid":{"rendered":"https:\/\/vrapciste.com\/?page_id=52"},"modified":"2025-08-17T16:49:59","modified_gmt":"2025-08-17T16:49:59","slug":"iletisim","status":"publish","type":"page","link":"https:\/\/vrapciste.com\/","title":{"rendered":"\u0130leti\u015fim"},"content":{"rendered":"\n<p>Her t\u00fcrl\u00fc \u00f6neri, katk\u0131 ve i\u00e7erik payla\u015f\u0131m\u0131 i\u00e7in bizimle ileti\u015fime ge\u00e7ebilirsiniz.<\/p>\n\n\n\n<p>\ud83d\udce7 E-posta: <a href=\"mailto:vrapcistecom@gmail.com\">vrapcistecom@gmail.com<\/a><br>\ud83d\udcf7 Instagram: <a href=\"https:\/\/www.instagram.com\/vrapcistecom\/\" target=\"_blank\" rel=\"noreferrer noopener\">vrapcistecom<\/a><br>\ud83d\udfe6 Facebook: <a href=\"https:\/\/www.facebook.com\/vrapcistecom\" target=\"_blank\" rel=\"noreferrer noopener\">vrapcistecom<\/a><\/p>\n\n\n\n<p><\/p>\n","protected":false},"excerpt":{"rendered":"<p>Her t\u00fcrl\u00fc \u00f6neri, katk\u0131 ve i\u00e7erik payla\u015f\u0131m\u0131 i\u00e7in bizimle ileti\u015fime ge\u00e7ebilirsiniz. \ud83d\udce7 E-posta: vrapcistecom@gmail.com\ud83d\udcf7 Instagram: vrapcistecom\ud83d\udfe6 Facebook: vrapcistecom<\/p>\n","protected":false},"author":1,"featured_media":0,"parent":0,"menu_order":0,"comment_status":"closed","ping_status":"closed","template":"","meta":{"footnotes":""},"class_list":["post-52","page","type-page","status-publish","hentry"],"aioseo_notices":[],"_links":{"self":[{"href":"https:\/\/vrapciste.com\/index.php\/wp-json\/wp\/v2\/pages\/52","targetHints":{"allow":["GET"]}}],"collection":[{"href":"https:\/\/vrapciste.com\/index.php\/wp-json\/wp\/v2\/pages"}],"about":[{"href":"https:\/\/vrapciste.com\/index.php\/wp-json\/wp\/v2\/types\/page"}],"author":[{"embeddable":true,"href":"https:\/\/vrapciste.com\/index.php\/wp-json\/wp\/v2\/users\/1"}],"replies":[{"embeddable":true,"href":"https:\/\/vrapciste.com\/index.php\/wp-json\/wp\/v2\/comments?post=52"}],"version-history":[{"count":3,"href":"https:\/\/vrapciste.com\/index.php\/wp-json\/wp\/v2\/pages\/52\/revisions"}],"predecessor-version":[{"id":55,"href":"https:\/\/vrapciste.com\/index.php\/wp-json\/wp\/v2\/pages\/52\/revisions\/55"}],"wp:attachment":[{"href":"https:\/\/vrapciste.com\/index.php\/wp-json\/wp\/v2\/media?parent=52"}],"curies":[{"name":"wp","href":"https:\/\/api.w.org\/{rel}","templated":true}]}}