{"id":48,"date":"2025-08-17T15:51:36","date_gmt":"2025-08-17T15:51:36","guid":{"rendered":"https:\/\/vrapciste.com\/?page_id=48"},"modified":"2025-08-17T15:51:37","modified_gmt":"2025-08-17T15:51:37","slug":"fotograf-galerisi","status":"publish","type":"page","link":"https:\/\/vrapciste.com\/index.php\/fotograf-galerisi\/","title":{"rendered":"Foto\u011fraf Galerisi"},"content":{"rendered":"\n<p><\/p>\n\n\n\n<ul class=\"wp-block-list\">\n<li>Eski Vrap\u00e7i\u015fte foto\u011fraflar\u0131<\/li>\n\n\n\n<li>Etkinlikler<\/li>\n\n\n\n<li>Do\u011fa ve mevsimler<\/li>\n\n\n\n<li>Gurbet\u00e7ilerden gelen kareler<\/li>\n<\/ul>\n\n\n\n<blockquote class=\"wp-block-quote is-layout-flow wp-block-quote-is-layout-flow\">\n<p>\ud83d\udcf8 Foto\u011fraflar\u0131n\u0131zla katk\u0131da bulunmak i\u00e7in l\u00fctfen bizimle ileti\u015fime ge\u00e7in.<\/p>\n<\/blockquote>\n","protected":false},"excerpt":{"rendered":"<p>\ud83d\udcf8 Foto\u011fraflar\u0131n\u0131zla katk\u0131da bulunmak i\u00e7in l\u00fctfen bizimle ileti\u015fime ge\u00e7in.<\/p>\n","protected":false},"author":1,"featured_media":0,"parent":0,"menu_order":0,"comment_status":"closed","ping_status":"closed","template":"","meta":{"footnotes":""},"class_list":["post-48","page","type-page","status-publish","hentry"],"aioseo_notices":[],"_links":{"self":[{"href":"https:\/\/vrapciste.com\/index.php\/wp-json\/wp\/v2\/pages\/48","targetHints":{"allow":["GET"]}}],"collection":[{"href":"https:\/\/vrapciste.com\/index.php\/wp-json\/wp\/v2\/pages"}],"about":[{"href":"https:\/\/vrapciste.com\/index.php\/wp-json\/wp\/v2\/types\/page"}],"author":[{"embeddable":true,"href":"https:\/\/vrapciste.com\/index.php\/wp-json\/wp\/v2\/users\/1"}],"replies":[{"embeddable":true,"href":"https:\/\/vrapciste.com\/index.php\/wp-json\/wp\/v2\/comments?post=48"}],"version-history":[{"count":1,"href":"https:\/\/vrapciste.com\/index.php\/wp-json\/wp\/v2\/pages\/48\/revisions"}],"predecessor-version":[{"id":49,"href":"https:\/\/vrapciste.com\/index.php\/wp-json\/wp\/v2\/pages\/48\/revisions\/49"}],"wp:attachment":[{"href":"https:\/\/vrapciste.com\/index.php\/wp-json\/wp\/v2\/media?parent=48"}],"curies":[{"name":"wp","href":"https:\/\/api.w.org\/{rel}","templated":true}]}}