{"id":46,"date":"2025-08-17T15:50:50","date_gmt":"2025-08-17T15:50:50","guid":{"rendered":"https:\/\/vrapciste.com\/?page_id=46"},"modified":"2025-08-17T15:50:51","modified_gmt":"2025-08-17T15:50:51","slug":"toplum-ve-kultur","status":"publish","type":"page","link":"https:\/\/vrapciste.com\/index.php\/toplum-ve-kultur\/","title":{"rendered":"Toplum ve K\u00fclt\u00fcr"},"content":{"rendered":"\n<p>Vrap\u00e7i\u015fte halk\u0131, geleneklerine ba\u011fl\u0131, misafirperver ve \u00e7al\u0131\u015fkand\u0131r.<\/p>\n\n\n\n<ul class=\"wp-block-list\">\n<li><strong>Bayramlarda<\/strong> kap\u0131lar a\u00e7\u0131k, sofralar ortakt\u0131r.<\/li>\n<\/ul>\n\n\n\n<p>Herkes birbirini tan\u0131r, yard\u0131mla\u015fma esast\u0131r.<\/p>\n","protected":false},"excerpt":{"rendered":"<p>Vrap\u00e7i\u015fte halk\u0131, geleneklerine ba\u011fl\u0131, misafirperver ve \u00e7al\u0131\u015fkand\u0131r. Herkes birbirini tan\u0131r, yard\u0131mla\u015fma esast\u0131r.<\/p>\n","protected":false},"author":1,"featured_media":0,"parent":0,"menu_order":0,"comment_status":"closed","ping_status":"closed","template":"","meta":{"footnotes":""},"class_list":["post-46","page","type-page","status-publish","hentry"],"aioseo_notices":[],"_links":{"self":[{"href":"https:\/\/vrapciste.com\/index.php\/wp-json\/wp\/v2\/pages\/46","targetHints":{"allow":["GET"]}}],"collection":[{"href":"https:\/\/vrapciste.com\/index.php\/wp-json\/wp\/v2\/pages"}],"about":[{"href":"https:\/\/vrapciste.com\/index.php\/wp-json\/wp\/v2\/types\/page"}],"author":[{"embeddable":true,"href":"https:\/\/vrapciste.com\/index.php\/wp-json\/wp\/v2\/users\/1"}],"replies":[{"embeddable":true,"href":"https:\/\/vrapciste.com\/index.php\/wp-json\/wp\/v2\/comments?post=46"}],"version-history":[{"count":1,"href":"https:\/\/vrapciste.com\/index.php\/wp-json\/wp\/v2\/pages\/46\/revisions"}],"predecessor-version":[{"id":47,"href":"https:\/\/vrapciste.com\/index.php\/wp-json\/wp\/v2\/pages\/46\/revisions\/47"}],"wp:attachment":[{"href":"https:\/\/vrapciste.com\/index.php\/wp-json\/wp\/v2\/media?parent=46"}],"curies":[{"name":"wp","href":"https:\/\/api.w.org\/{rel}","templated":true}]}}