{"id":43,"date":"2025-08-17T15:49:41","date_gmt":"2025-08-17T15:49:41","guid":{"rendered":"https:\/\/vrapciste.com\/?page_id=43"},"modified":"2025-08-17T15:49:41","modified_gmt":"2025-08-17T15:49:41","slug":"doga-ve-cografya","status":"publish","type":"page","link":"https:\/\/vrapciste.com\/index.php\/doga-ve-cografya\/","title":{"rendered":"Do\u011fa ve Co\u011frafya"},"content":{"rendered":"\n<p>Vrap\u00e7i\u015fte, yemye\u015fil vadilerin, verimli topraklar\u0131n ve berrak derelerin k\u00f6y\u00fcd\u00fcr.<\/p>\n\n\n\n<p>K\u00f6y\u00fcm\u00fcz, \u015ear da\u011f\u0131 eteklerinde kurulmu\u015ftur ve her mevsim farkl\u0131 bir g\u00fczelli\u011fe b\u00fcr\u00fcn\u00fcr.<\/p>\n\n\n\n<p>Tar\u0131m ve hayvanc\u0131l\u0131k i\u00e7in elveri\u015fli olan bu topraklar, do\u011fayla i\u00e7 i\u00e7e ya\u015famak isteyenler i\u00e7in sakl\u0131 bir cennettir.<\/p>\n","protected":false},"excerpt":{"rendered":"<p>Vrap\u00e7i\u015fte, yemye\u015fil vadilerin, verimli topraklar\u0131n ve berrak derelerin k\u00f6y\u00fcd\u00fcr. K\u00f6y\u00fcm\u00fcz, \u015ear da\u011f\u0131 eteklerinde kurulmu\u015ftur ve her mevsim farkl\u0131 bir g\u00fczelli\u011fe b\u00fcr\u00fcn\u00fcr. Tar\u0131m ve hayvanc\u0131l\u0131k i\u00e7in elveri\u015fli olan bu topraklar, do\u011fayla i\u00e7 i\u00e7e ya\u015famak isteyenler i\u00e7in sakl\u0131 bir cennettir.<\/p>\n","protected":false},"author":1,"featured_media":0,"parent":0,"menu_order":0,"comment_status":"closed","ping_status":"closed","template":"","meta":{"footnotes":""},"class_list":["post-43","page","type-page","status-publish","hentry"],"aioseo_notices":[],"_links":{"self":[{"href":"https:\/\/vrapciste.com\/index.php\/wp-json\/wp\/v2\/pages\/43","targetHints":{"allow":["GET"]}}],"collection":[{"href":"https:\/\/vrapciste.com\/index.php\/wp-json\/wp\/v2\/pages"}],"about":[{"href":"https:\/\/vrapciste.com\/index.php\/wp-json\/wp\/v2\/types\/page"}],"author":[{"embeddable":true,"href":"https:\/\/vrapciste.com\/index.php\/wp-json\/wp\/v2\/users\/1"}],"replies":[{"embeddable":true,"href":"https:\/\/vrapciste.com\/index.php\/wp-json\/wp\/v2\/comments?post=43"}],"version-history":[{"count":1,"href":"https:\/\/vrapciste.com\/index.php\/wp-json\/wp\/v2\/pages\/43\/revisions"}],"predecessor-version":[{"id":44,"href":"https:\/\/vrapciste.com\/index.php\/wp-json\/wp\/v2\/pages\/43\/revisions\/44"}],"wp:attachment":[{"href":"https:\/\/vrapciste.com\/index.php\/wp-json\/wp\/v2\/media?parent=43"}],"curies":[{"name":"wp","href":"https:\/\/api.w.org\/{rel}","templated":true}]}}