{"id":41,"date":"2025-08-17T15:48:46","date_gmt":"2025-08-17T15:48:46","guid":{"rendered":"https:\/\/vrapciste.com\/?page_id=41"},"modified":"2025-08-18T14:17:56","modified_gmt":"2025-08-18T14:17:56","slug":"tarihce","status":"publish","type":"page","link":"https:\/\/vrapciste.com\/index.php\/tarihce\/","title":{"rendered":"Tarih\u00e7e"},"content":{"rendered":"\n<p>Vrap\u00e7i\u015fte (Makedonca: \u0412\u0440\u0430\u043f\u0447\u0438\u0448\u0442\u0435, Arnavut\u00e7a: Vrap\u00e7isht) Kuzey Makedonya\u2019n\u0131n bat\u0131s\u0131nda yer alan, <strong>Vrap\u00e7i\u015fte Belediyesi\u2019nin en b\u00fcy\u00fck kasabas\u0131d\u0131r<\/strong>.<\/p>\n\n\n\n<p>Kasaban\u0131n n\u00fcfusu a\u011f\u0131rl\u0131kl\u0131 olarak <strong>T\u00fcrkler, Arnavutlar ve Makedonlardan<\/strong> olu\u015fmaktad\u0131r. Bu etnik \u00e7e\u015fitlilik Vrap\u00e7i\u015fte\u2019ye k\u00fclt\u00fcrel zenginlik katmaktad\u0131r.<\/p>\n\n\n\n<p>Vrap\u00e7i\u015fte\u2019de <strong>bir ilk ve orta e\u011fitim veren okul, \u00fc\u00e7 cami ve bir kilise<\/strong> bulunmaktad\u0131r. Bu yap\u0131lar kasaban\u0131n e\u011fitim, dini ve toplumsal hayat\u0131nda \u00f6nemli bir yere sahiptir.<\/p>\n\n\n\n<p>Ge\u00e7mi\u015fte halk\u0131n temel ge\u00e7im kayna\u011f\u0131 <strong>tar\u0131m ve hayvanc\u0131l\u0131k<\/strong> iken, g\u00fcn\u00fcm\u00fczde n\u00fcfusun b\u00fcy\u00fck b\u00f6l\u00fcm\u00fc <strong>gurbet\u00e7ilikle<\/strong> hayat\u0131n\u0131 s\u00fcrd\u00fcrmektedir. Gurbet\u00e7ilerin \u00e7o\u011funlu\u011fu \u00f6zellikle <strong>dondurmac\u0131l\u0131k ve tatl\u0131c\u0131l\u0131k<\/strong> sekt\u00f6rlerinde faaliyet g\u00f6stermektedir. Vrap\u00e7i\u015fteliler, a\u011f\u0131rl\u0131kl\u0131 olarak <strong>Slovakya, \u00c7ek Cumhuriyeti, H\u0131rvatistan, \u0130svi\u00e7re<\/strong> ve di\u011fer Avrupa \u00fclkelerinde \u00e7al\u0131\u015fmakta, kasaba ile ba\u011flar\u0131n\u0131 g\u00fc\u00e7l\u00fc \u015fekilde s\u00fcrd\u00fcrmektedir.<\/p>\n\n\n\n<p>Bug\u00fcn Vrap\u00e7i\u015fte, hem ge\u00e7mi\u015fini hem de modern ya\u015fam tarz\u0131n\u0131 bir arada bar\u0131nd\u0131ran, misafirperver insanlar\u0131yla tan\u0131nan canl\u0131 bir kasabad\u0131r.<\/p>\n","protected":false},"excerpt":{"rendered":"<p>Vrap\u00e7i\u015fte (Makedonca: \u0412\u0440\u0430\u043f\u0447\u0438\u0448\u0442\u0435, Arnavut\u00e7a: Vrap\u00e7isht) Kuzey Makedonya\u2019n\u0131n bat\u0131s\u0131nda yer alan, Vrap\u00e7i\u015fte Belediyesi\u2019nin en b\u00fcy\u00fck kasabas\u0131d\u0131r. Kasaban\u0131n n\u00fcfusu a\u011f\u0131rl\u0131kl\u0131 olarak T\u00fcrkler, Arnavutlar ve Makedonlardan olu\u015fmaktad\u0131r. Bu etnik \u00e7e\u015fitlilik Vrap\u00e7i\u015fte\u2019ye k\u00fclt\u00fcrel zenginlik katmaktad\u0131r. Vrap\u00e7i\u015fte\u2019de bir ilk ve orta e\u011fitim veren okul, \u00fc\u00e7 cami ve bir kilise bulunmaktad\u0131r. Bu yap\u0131lar kasaban\u0131n e\u011fitim, dini&hellip; <\/p>\n","protected":false},"author":1,"featured_media":0,"parent":0,"menu_order":0,"comment_status":"closed","ping_status":"closed","template":"","meta":{"footnotes":""},"class_list":["post-41","page","type-page","status-publish","hentry"],"aioseo_notices":[],"_links":{"self":[{"href":"https:\/\/vrapciste.com\/index.php\/wp-json\/wp\/v2\/pages\/41","targetHints":{"allow":["GET"]}}],"collection":[{"href":"https:\/\/vrapciste.com\/index.php\/wp-json\/wp\/v2\/pages"}],"about":[{"href":"https:\/\/vrapciste.com\/index.php\/wp-json\/wp\/v2\/types\/page"}],"author":[{"embeddable":true,"href":"https:\/\/vrapciste.com\/index.php\/wp-json\/wp\/v2\/users\/1"}],"replies":[{"embeddable":true,"href":"https:\/\/vrapciste.com\/index.php\/wp-json\/wp\/v2\/comments?post=41"}],"version-history":[{"count":3,"href":"https:\/\/vrapciste.com\/index.php\/wp-json\/wp\/v2\/pages\/41\/revisions"}],"predecessor-version":[{"id":56,"href":"https:\/\/vrapciste.com\/index.php\/wp-json\/wp\/v2\/pages\/41\/revisions\/56"}],"wp:attachment":[{"href":"https:\/\/vrapciste.com\/index.php\/wp-json\/wp\/v2\/media?parent=41"}],"curies":[{"name":"wp","href":"https:\/\/api.w.org\/{rel}","templated":true}]}}